{"id":562,"date":"2023-03-28T15:20:03","date_gmt":"2023-03-28T19:20:03","guid":{"rendered":"https:\/\/www.tonusmarketing.ca\/?page_id=562"},"modified":"2025-03-21T17:24:55","modified_gmt":"2025-03-21T21:24:55","slug":"start","status":"publish","type":"page","link":"https:\/\/www.tonusmarketing.ca\/en\/demarrer\/","title":{"rendered":"Start"},"content":{"rendered":"<style>.kb-row-layout-id562_383231-a5 > .kt-row-column-wrap{align-content:start;}:where(.kb-row-layout-id562_383231-a5 > .kt-row-column-wrap) > .wp-block-kadence-column{justify-content:start;}.kb-row-layout-id562_383231-a5 > .kt-row-column-wrap{column-gap:var(--global-kb-gap-md, 2rem);row-gap:var(--global-kb-gap-md, 2rem);max-width:750px;margin-left:auto;margin-right:auto;padding-top:var(--global-kb-spacing-sm, 1.5rem);padding-bottom:var(--global-kb-spacing-sm, 1.5rem);grid-template-columns:minmax(0, 1fr);}.kb-row-layout-id562_383231-a5 > .kt-row-layout-overlay{opacity:0.30;}@media all and (max-width: 1024px){.kb-row-layout-id562_383231-a5 > .kt-row-column-wrap{grid-template-columns:minmax(0, 1fr);}}@media all and (max-width: 767px){.kb-row-layout-id562_383231-a5 > .kt-row-column-wrap{grid-template-columns:minmax(0, 1fr);}}<\/style><div class=\"kb-row-layout-wrap kb-row-layout-id562_383231-a5 alignnone wp-block-kadence-rowlayout\"><div class=\"kt-row-column-wrap kt-has-1-columns kt-row-layout-equal kt-tab-layout-inherit kt-mobile-layout-row kt-row-valign-top\">\n<style>.kadence-column562_a933a9-ce > .kt-inside-inner-col,.kadence-column562_a933a9-ce > .kt-inside-inner-col:before{border-top-left-radius:0px;border-top-right-radius:0px;border-bottom-right-radius:0px;border-bottom-left-radius:0px;}.kadence-column562_a933a9-ce > .kt-inside-inner-col{column-gap:var(--global-kb-gap-sm, 1rem);}.kadence-column562_a933a9-ce > .kt-inside-inner-col{flex-direction:column;}.kadence-column562_a933a9-ce > .kt-inside-inner-col > .aligncenter{width:100%;}.kadence-column562_a933a9-ce > .kt-inside-inner-col:before{opacity:0.3;}.kadence-column562_a933a9-ce{position:relative;}@media all and (max-width: 1024px){.kadence-column562_a933a9-ce > .kt-inside-inner-col{flex-direction:column;justify-content:center;}}@media all and (max-width: 767px){.kadence-column562_a933a9-ce > .kt-inside-inner-col{flex-direction:column;justify-content:center;}}<\/style>\n<div class=\"wp-block-kadence-column kadence-column562_a933a9-ce\"><div class=\"kt-inside-inner-col\"><style>.wp-block-kadence-advancedheading.kt-adv-heading562_cb3bcc-aa, .wp-block-kadence-advancedheading.kt-adv-heading562_cb3bcc-aa[data-kb-block=\"kb-adv-heading562_cb3bcc-aa\"]{font-style:normal;}.wp-block-kadence-advancedheading.kt-adv-heading562_cb3bcc-aa mark.kt-highlight, .wp-block-kadence-advancedheading.kt-adv-heading562_cb3bcc-aa[data-kb-block=\"kb-adv-heading562_cb3bcc-aa\"] mark.kt-highlight{font-style:normal;color:#f76a0c;-webkit-box-decoration-break:clone;box-decoration-break:clone;padding-top:0px;padding-right:0px;padding-bottom:0px;padding-left:0px;}.wp-block-kadence-advancedheading.kt-adv-heading562_cb3bcc-aa img.kb-inline-image, .wp-block-kadence-advancedheading.kt-adv-heading562_cb3bcc-aa[data-kb-block=\"kb-adv-heading562_cb3bcc-aa\"] img.kb-inline-image{width:150px;vertical-align:baseline;}<\/style>\n<h1 class=\"kt-adv-heading562_cb3bcc-aa wp-block-kadence-advancedheading has-theme-palette-3-color has-text-color\" data-kb-block=\"kb-adv-heading562_cb3bcc-aa\">Aidez-nous \u00e0 mieux vous conna\u00eetre<\/h1>\n\n\n<\/p>\n\n\n<p>    <div id=\"hs_form_acf3b4b6-d1a4-44f8-b1a0-d142b39eafb9\" class=\"hs-form-container hbspt-form\"><\/div>\n    <script>\n    document.addEventListener(\"DOMContentLoaded\", function() {\n        hbspt.forms.create({\n            region: \"na1\",\n            portalId: \"2543139\",\n            formId: \"acf3b4b6-d1a4-44f8-b1a0-d142b39eafb9\",\n            target: \"#hs_form_acf3b4b6-d1a4-44f8-b1a0-d142b39eafb9\",\n            css: ''\n        });\n    });\n    <\/script>\n    <\/p>\n\n\n<p>\n\n\n\n<\/div><\/div>\n\n<\/div><\/div>","protected":false},"excerpt":{"rendered":"<p>Help us get to know you better<\/p>","protected":false},"author":1,"featured_media":0,"parent":0,"menu_order":30,"comment_status":"closed","ping_status":"closed","template":"","meta":{"_seopress_robots_primary_cat":"","_seopress_titles_title":"D\u00e9marrez votre projets Marketing Web |\u00a0Tonus Marketing","_seopress_titles_desc":"Pr\u00eat \u00e0 propulser votre marque? Remplissez notre formulaire pour d\u00e9marrer votre projet marketing. Nous sommes impatients de transformer vos id\u00e9es en succ\u00e8s","_seopress_robots_index":"","content-type":"","_kad_blocks_custom_css":"","_kad_blocks_head_custom_js":"","_kad_blocks_body_custom_js":"","_kad_blocks_footer_custom_js":"","_kad_post_transparent":"","_kad_post_title":"","_kad_post_layout":"","_kad_post_sidebar_id":"","_kad_post_content_style":"","_kad_post_vertical_padding":"","_kad_post_feature":"","_kad_post_feature_position":"","_kad_post_header":false,"_kad_post_footer":false,"_kad_post_classname":"","footnotes":""},"class_list":["post-562","page","type-page","status-publish","hentry"],"taxonomy_info":[],"featured_image_src_large":false,"author_info":{"display_name":"Tonus Marketing","author_link":"https:\/\/www.tonusmarketing.ca\/en\/author\/swpadmin\/"},"comment_info":0,"_links":{"self":[{"href":"https:\/\/www.tonusmarketing.ca\/en\/wp-json\/wp\/v2\/pages\/562","targetHints":{"allow":["GET"]}}],"collection":[{"href":"https:\/\/www.tonusmarketing.ca\/en\/wp-json\/wp\/v2\/pages"}],"about":[{"href":"https:\/\/www.tonusmarketing.ca\/en\/wp-json\/wp\/v2\/types\/page"}],"author":[{"embeddable":true,"href":"https:\/\/www.tonusmarketing.ca\/en\/wp-json\/wp\/v2\/users\/1"}],"replies":[{"embeddable":true,"href":"https:\/\/www.tonusmarketing.ca\/en\/wp-json\/wp\/v2\/comments?post=562"}],"version-history":[{"count":11,"href":"https:\/\/www.tonusmarketing.ca\/en\/wp-json\/wp\/v2\/pages\/562\/revisions"}],"predecessor-version":[{"id":3447,"href":"https:\/\/www.tonusmarketing.ca\/en\/wp-json\/wp\/v2\/pages\/562\/revisions\/3447"}],"wp:attachment":[{"href":"https:\/\/www.tonusmarketing.ca\/en\/wp-json\/wp\/v2\/media?parent=562"}],"curies":[{"name":"wp","href":"https:\/\/api.w.org\/{rel}","templated":true}]}}